{"id":57,"date":"2018-11-11T19:24:22","date_gmt":"2018-11-11T18:24:22","guid":{"rendered":"http:\/\/phl-architecte.fr\/wordpress\/?page_id=57"},"modified":"2018-12-24T19:36:42","modified_gmt":"2018-12-24T18:36:42","slug":"presentation","status":"publish","type":"page","link":"https:\/\/phl-architecte.fr\/wordpress\/","title":{"rendered":"Pr\u00e9sentation"},"content":{"rendered":"\n<div class=\"wp-block-image\"><figure class=\"aligncenter is-resized\"><a href=\"http:\/\/phl-architecte.fr\/wordpress\/wp-content\/uploads\/2018\/11\/architecte-philippe-laurent.jpg\"><img loading=\"lazy\" src=\"http:\/\/phl-architecte.fr\/wordpress\/wp-content\/uploads\/2018\/11\/architecte-philippe-laurent.jpg\" alt=\"\" class=\"wp-image-54\" width=\"451\" height=\"332\" srcset=\"https:\/\/phl-architecte.fr\/wordpress\/wp-content\/uploads\/2018\/11\/architecte-philippe-laurent.jpg 966w, https:\/\/phl-architecte.fr\/wordpress\/wp-content\/uploads\/2018\/11\/architecte-philippe-laurent-300x221.jpg 300w, https:\/\/phl-architecte.fr\/wordpress\/wp-content\/uploads\/2018\/11\/architecte-philippe-laurent-768x566.jpg 768w\" sizes=\"(max-width: 451px) 100vw, 451px\" \/><\/a><\/figure><\/div>\n\n\n\n<p>Je m&rsquo;appelle Philippe LAURENT et j&rsquo;exerce mon m\u00e9tier d&rsquo;architecte avec passion depuis plus de 30 ans.<\/p>\n\n\n\n<p>Je m&rsquo;adresse \u00e0 tout type de client\u00e8le : particuliers, investisseurs, clients publics, entreprises.<\/p>\n\n\n\n<p>J&rsquo;ai r\u00e9alis\u00e9 de nombreuses villas contemporaines, des logements pour investissements locatifs ou en social pour des organismes, des b\u00e2timents publics tels que cantines scolaires, casernes de pompiers, clients entreprises locaux professionnels et industriels, \u00e9tudes urbaines et ferroviaires.<\/p>\n\n\n\n<p>Mon fil conducteur ? Ma cr\u00e9ativit\u00e9 au service des   clients pour r\u00e9pondre \u00e0 leurs attentes, leurs go\u00fbts et leurs besoins dans la conception de leur future construction.<\/p>\n\n\n\n<div class=\"wp-block-columns has-2-columns\">\n<div class=\"wp-block-column\">\n<figure class=\"wp-block-image is-resized\"><img loading=\"lazy\" src=\"http:\/\/phl-architecte.fr\/wordpress\/wp-content\/uploads\/2018\/11\/villa-contemporaine-philippe-laurent-1024x768.jpg\" alt=\"\" class=\"wp-image-49\" width=\"254\" height=\"189\"\/><\/figure>\n<\/div>\n\n\n\n<div class=\"wp-block-column\">\n<figure class=\"wp-block-image\"><img src=\"http:\/\/phl-architecte.fr\/wordpress\/wp-content\/uploads\/2018\/12\/Peirera-Perspective-300x212.jpg\" alt=\"\" class=\"wp-image-171\"\/><\/figure>\n<\/div>\n<\/div>\n","protected":false},"excerpt":{"rendered":"<p>Je m&rsquo;appelle Philippe LAURENT et j&rsquo;exerce mon m\u00e9tier d&rsquo;architecte avec passion depuis plus de 30 ans. Je m&rsquo;adresse \u00e0 tout type de client\u00e8le : particuliers, investisseurs, clients publics, entreprises. J&rsquo;ai r\u00e9alis\u00e9 de nombreuses villas contemporaines, des logements pour investissements locatifs ou en social pour des organismes, des b\u00e2timents publics tels que cantines scolaires, casernes de &hellip; <\/p>\n<p class=\"link-more\"><a href=\"https:\/\/phl-architecte.fr\/wordpress\/\" class=\"more-link\">Continuer la lecture<span class=\"screen-reader-text\"> de &laquo;&nbsp;Pr\u00e9sentation&nbsp;&raquo;<\/span><\/a><\/p>\n","protected":false},"author":1,"featured_media":0,"parent":0,"menu_order":0,"comment_status":"closed","ping_status":"closed","template":"","meta":[],"_links":{"self":[{"href":"https:\/\/phl-architecte.fr\/wordpress\/index.php\/wp-json\/wp\/v2\/pages\/57"}],"collection":[{"href":"https:\/\/phl-architecte.fr\/wordpress\/index.php\/wp-json\/wp\/v2\/pages"}],"about":[{"href":"https:\/\/phl-architecte.fr\/wordpress\/index.php\/wp-json\/wp\/v2\/types\/page"}],"author":[{"embeddable":true,"href":"https:\/\/phl-architecte.fr\/wordpress\/index.php\/wp-json\/wp\/v2\/users\/1"}],"replies":[{"embeddable":true,"href":"https:\/\/phl-architecte.fr\/wordpress\/index.php\/wp-json\/wp\/v2\/comments?post=57"}],"version-history":[{"count":10,"href":"https:\/\/phl-architecte.fr\/wordpress\/index.php\/wp-json\/wp\/v2\/pages\/57\/revisions"}],"predecessor-version":[{"id":174,"href":"https:\/\/phl-architecte.fr\/wordpress\/index.php\/wp-json\/wp\/v2\/pages\/57\/revisions\/174"}],"wp:attachment":[{"href":"https:\/\/phl-architecte.fr\/wordpress\/index.php\/wp-json\/wp\/v2\/media?parent=57"}],"curies":[{"name":"wp","href":"https:\/\/api.w.org\/{rel}","templated":true}]}}